{"id":569,"date":"2016-05-01T08:09:41","date_gmt":"2016-05-01T08:09:41","guid":{"rendered":"http:\/\/kapsalonlucie.nl\/?page_id=569"},"modified":"2017-09-21T08:55:50","modified_gmt":"2017-09-21T08:55:50","slug":"producten","status":"publish","type":"page","link":"http:\/\/kapsalonlucie.nl\/?page_id=569","title":{"rendered":"Producten"},"content":{"rendered":"<p style=\"text-align: left;\"><strong><img loading=\"lazy\" decoding=\"async\" class=\"size-full wp-image-614 alignnone\" src=\"http:\/\/kapsalonlucie.nl\/wp-content\/uploads\/2016\/05\/productenkl.png\" alt=\"productenkl\" width=\"381\" height=\"114\" srcset=\"http:\/\/kapsalonlucie.nl\/wp-content\/uploads\/2016\/05\/productenkl.png 381w, http:\/\/kapsalonlucie.nl\/wp-content\/uploads\/2016\/05\/productenkl-300x90.png 300w\" sizes=\"auto, (max-width: 381px) 100vw, 381px\" \/><\/strong><\/p>\n<p style=\"text-align: left;\"><strong>NATULIQUE<\/strong> biedt natuurlijke haarverzorging, een beproefde en betrouwbare productlijn die ze\u00a0aanbieden over de hele wereld. <strong>Natuurlijke shampoo, natuurlijke conditioner, natuurlijke haarverf en natuurlijke styling<\/strong> geven je haar de verzorging die nodig is. Onze NATULIQUE Certified Organic serie is <strong>ECOCERT<\/strong> gecertificeerd organisch\u00a0<img loading=\"lazy\" decoding=\"async\" class=\"alignright wp-image-570\" src=\"http:\/\/kapsalonlucie.nl\/wp-content\/uploads\/2016\/05\/ecocert.png\" alt=\"ecocert\" width=\"143\" height=\"119\" \/><\/p>\n<p style=\"text-align: left;\"><span style=\"text-decoration: underline;\">Kapsalon Lucie\u00a0voor de beste natuurlijke haarverzorging die er is.<\/span><\/p>\n<p style=\"text-align: left;\"><strong>Veilige ingredi\u00ebnten<\/strong><\/p>\n<p style=\"text-align: left;\">Laten we je eerst uitleggen dat niet alle chemicali\u00ebn schadelijk zijn voor je gezondheid, maar dat ook niet alle natuurlijke ingredi\u00ebnten niet schadelijk zijn voor je gezondheid. Wist je dat de meeste haarverzorging schadelijke synthetische chemicali\u00ebn bevat? Langzaam leiden deze chemicali\u00ebn tot verstopte pori\u00ebn, zuurstofverlies van je huid, huidirritaties en allergie\u00ebn. Soms zien producten er natuurlijk en groen uit, maar dat betekent niet dat ze dat ook zijn. Om schadelijke chemicali\u00ebn te vermijden moet je dus goed kijken welke producten \u00e9cht natuurlijk zijn. Kapsalon Lucie kiest bewust voor natuurlijke producten.<\/p>\n<p style=\"text-align: left;\"><strong>Eerlijk en betrouwbaar<\/strong><\/p>\n<p style=\"text-align: left;\">De basis van de NATULIQUE natuurlijke haarverzorging is: geen gevaarlijke ingredi\u00ebnten. Deze voldoen aan onze hoge kwaliteitsstandaarden.<\/p>\n<p style=\"text-align: left;\"><img loading=\"lazy\" decoding=\"async\" class=\"aligncenter wp-image-640 size-full\" src=\"http:\/\/kapsalonlucie.nl\/wp-content\/uploads\/2016\/05\/eco-1.png\" width=\"750\" height=\"298\" srcset=\"http:\/\/kapsalonlucie.nl\/wp-content\/uploads\/2016\/05\/eco-1.png 750w, http:\/\/kapsalonlucie.nl\/wp-content\/uploads\/2016\/05\/eco-1-300x119.png 300w\" sizes=\"auto, (max-width: 750px) 100vw, 750px\" \/><\/p>\n<hr \/>\n<p><strong>RODOLPHE &amp; CO &#8211; 98,8% NATUURLIJKE INGREDI\u00cbNTEN <img loading=\"lazy\" decoding=\"async\" class=\"alignright \" src=\"http:\/\/peelenmaas.nu\/PurelouLogo.png\" width=\"155\" height=\"145\" \/><br \/>\n<\/strong><\/p>\n<p style=\"text-align: left;\">Het groenste ECOCERT gecertificeerde professionele merk in onze branche is RODOLPHE &amp; CO.<br \/>\nDeze certificering garandeert dat het product voor 98.8 % bestaat uit natuurlijke ingredi\u00ebnten<\/p>\n<p style=\"text-align: left;\"><em>Rodolphe &amp; Co werd opgericht door Rodolphe Diotel<\/em>, kapper en kleurspecialist. Gedreven door zijn verlangen om \u201c een veilig, eerlijlk en een natuurlijk mogelijk product te ontwikkelen\u201d ontstond het merk Rodolphe &amp; Co. Rodolphe &amp; Co onderscheidt zich door zijn uitzonderlijke kennis en het gebruik van natuurlijke ingredi\u00ebnten.<\/p>\n<p style=\"text-align: left;\">Deze lijn van professionele kwaliteit is met de beste natuurlijke en biologische stoffen in Bretagne ontwikkeld. Door het gebruik van prestigieuze oli\u00ebn en extracten wordt respect voor het milieu getoond.<\/p>\n<p style=\"text-align: left;\"><em>Rodolphe &amp; Co onderscheidt zich tevens door te wijzen op drie belangrijke producten.<\/em> Ze bevatten zorgvuldig geselecteerde werkstoffen die zorgvuldig de conditie van het haar en de hoofdhuid herstellen met een duurzaam resultaat.<em>\u00a0 <\/em><\/p>\n<p style=\"text-align: left;\">Het &#8211; in Frankrijk geproduceerde &#8211; merk biedt biologische haarproducten, gegarandeerd zonder phenoxyethanol, parabenen, siliconen en kunstmatige kleurstoffen.\u00a0 Rodolphe Diotel heeft zich sterk ontwikkeld van kapper naar laborant en vermijd gevaarlijke ingredi\u00ebnten. Met het geschreven boek &#8220;de waarheid over Cosmetica&#8221; (Die Wahrheit uber Kosmetik) van onderzoekster Rita Stiens heeft Rodolphe Diotel bewezen dat er profesisonele haarproducten gemaakt kunnen worden zonder of nauwelijks met gebruik van gevaarlijke ingredienten<br \/>\nDoor een effectief salon-behandelconcept laat Rodolphe zien dat met weinig extra moeite prachtige resultaten behaalt kunnen worden.<br \/>\nVoor elke kapper -Groen of niet Groen ingesteld- is deze productenlijn een nieuwe ervaring en mag zelfs revolutionair genoemd worden.<\/p>\n<p><img loading=\"lazy\" decoding=\"async\" class=\"aligncenter\" src=\"http:\/\/peelenmaas.nu\/rodolphe-co.jpg\" width=\"423\" height=\"169\" \/><\/p>\n<p style=\"text-align: center;\">\n","protected":false},"excerpt":{"rendered":"<p>NATULIQUE biedt natuurlijke haarverzorging, een beproefde en betrouwbare productlijn die ze\u00a0aanbieden over de hele wereld. Natuurlijke shampoo, natuurlijke conditioner, natuurlijke haarverf en natuurlijke styling geven je haar de verzorging die nodig is. Onze NATULIQUE Certified Organic serie is ECOCERT gecertificeerd organisch\u00a0 Kapsalon Lucie\u00a0voor de beste natuurlijke haarverzorging die er is. Veilige ingredi\u00ebnten Laten we je&#8230; <\/p>\n","protected":false},"author":1,"featured_media":0,"parent":0,"menu_order":2,"comment_status":"closed","ping_status":"closed","template":"no-sidebar.php","meta":{"footnotes":""},"class_list":["post-569","page","type-page","status-publish","hentry"],"_links":{"self":[{"href":"http:\/\/kapsalonlucie.nl\/index.php?rest_route=\/wp\/v2\/pages\/569","targetHints":{"allow":["GET"]}}],"collection":[{"href":"http:\/\/kapsalonlucie.nl\/index.php?rest_route=\/wp\/v2\/pages"}],"about":[{"href":"http:\/\/kapsalonlucie.nl\/index.php?rest_route=\/wp\/v2\/types\/page"}],"author":[{"embeddable":true,"href":"http:\/\/kapsalonlucie.nl\/index.php?rest_route=\/wp\/v2\/users\/1"}],"replies":[{"embeddable":true,"href":"http:\/\/kapsalonlucie.nl\/index.php?rest_route=%2Fwp%2Fv2%2Fcomments&post=569"}],"version-history":[{"count":18,"href":"http:\/\/kapsalonlucie.nl\/index.php?rest_route=\/wp\/v2\/pages\/569\/revisions"}],"predecessor-version":[{"id":681,"href":"http:\/\/kapsalonlucie.nl\/index.php?rest_route=\/wp\/v2\/pages\/569\/revisions\/681"}],"wp:attachment":[{"href":"http:\/\/kapsalonlucie.nl\/index.php?rest_route=%2Fwp%2Fv2%2Fmedia&parent=569"}],"curies":[{"name":"wp","href":"https:\/\/api.w.org\/{rel}","templated":true}]}}